{"id":10,"date":"2017-02-28T20:03:05","date_gmt":"2017-02-28T20:03:05","guid":{"rendered":"http:\/\/localhost\/opta-wp\/?page_id=10"},"modified":"2021-07-29T09:33:39","modified_gmt":"2021-07-29T09:33:39","slug":"contact","status":"publish","type":"page","link":"http:\/\/noico.online\/?page_id=10","title":{"rendered":"Bize Ula\u015f"},"content":{"rendered":"<div class = \"one_third \">\n<h2 class=\"big-text \"> G\u00f6r\u00fc\u015f ve \u00d6nerileriniz bizim i\u00e7in \u00e7ok \u00f6nemli.<\/h2><br \/>\n<\/div>\n<div class = \"one_third \">\n<div class=\"info-code \">\r\n               <p class=\"info-code-title\">Tel<\/p>               \r\n               <p class=\"info-code-content\">+90 531 550 94 41<\/p>\r\n               <\/div>\n<div class=\"info-code \">\r\n               <p class=\"info-code-title\">Adres<\/p>               \r\n               <p class=\"info-code-content\">B\u00fcy\u00fckesat Mahallesi Koza Caddesi 123\/B \u00c7ankaya\/ANKARA<\/p>\r\n               <\/div>\n<div class=\"info-code \">\r\n               <p class=\"info-code-title\">E-postal<\/p>               \r\n               <p class=\"info-code-content\">info@noico.online<\/p>\r\n               <\/div>\n<\/div>\n<div class = \"two_third last \">\n<div role=\"form\" class=\"wpcf7\" id=\"wpcf7-f33-o1\" lang=\"en-US\" dir=\"ltr\">\n<div class=\"screen-reader-response\"><p role=\"status\" aria-live=\"polite\" aria-atomic=\"true\"><\/p> <ul><\/ul><\/div>\n<form action=\"\/index.php?rest_route=%2Fwp%2Fv2%2Fpages%2F10#wpcf7-f33-o1\" method=\"post\" class=\"wpcf7-form init\" novalidate=\"novalidate\" data-status=\"init\">\n<div style=\"display: none;\">\n<input type=\"hidden\" name=\"_wpcf7\" value=\"33\" \/>\n<input type=\"hidden\" name=\"_wpcf7_version\" value=\"5.4.2\" \/>\n<input type=\"hidden\" name=\"_wpcf7_locale\" value=\"en_US\" \/>\n<input type=\"hidden\" name=\"_wpcf7_unit_tag\" value=\"wpcf7-f33-o1\" \/>\n<input type=\"hidden\" name=\"_wpcf7_container_post\" value=\"0\" \/>\n<input type=\"hidden\" name=\"_wpcf7_posted_data_hash\" value=\"\" \/>\n<\/div>\n<p><span class=\"wpcf7-form-control-wrap your-name\"><input type=\"text\" name=\"your-name\" value=\"\" size=\"40\" class=\"wpcf7-form-control wpcf7-text wpcf7-validates-as-required\" aria-required=\"true\" aria-invalid=\"false\" placeholder=\"\u0130sim\" \/><\/span> <\/p>\n<p><span class=\"wpcf7-form-control-wrap your-email\"><input type=\"email\" name=\"your-email\" value=\"\" size=\"40\" class=\"wpcf7-form-control wpcf7-text wpcf7-email wpcf7-validates-as-required wpcf7-validates-as-email\" aria-required=\"true\" aria-invalid=\"false\" placeholder=\"E-posta\" \/><\/span> <\/p>\n<p><span class=\"wpcf7-form-control-wrap your-message\"><textarea name=\"your-message\" cols=\"40\" rows=\"10\" class=\"wpcf7-form-control wpcf7-textarea\" aria-invalid=\"false\" placeholder=\"Mesaj\u0131n\u0131z...\"><\/textarea><\/span> <\/p>\n<p class=\"contact-submit-holder\"><input type=\"submit\" value=\"G\u00f6nder\" class=\"wpcf7-form-control wpcf7-submit\" \/><\/p>\n<div class=\"wpcf7-response-output\" aria-hidden=\"true\"><\/div><\/form><\/div><br \/>\n<\/div><div class = \"clear\"><\/div>\n","protected":false},"excerpt":{"rendered":"","protected":false},"author":1,"featured_media":0,"parent":0,"menu_order":0,"comment_status":"closed","ping_status":"closed","template":"","meta":{"footnotes":""},"class_list":["post-10","page","type-page","status-publish","hentry"],"_links":{"self":[{"href":"http:\/\/noico.online\/index.php?rest_route=\/wp\/v2\/pages\/10","targetHints":{"allow":["GET"]}}],"collection":[{"href":"http:\/\/noico.online\/index.php?rest_route=\/wp\/v2\/pages"}],"about":[{"href":"http:\/\/noico.online\/index.php?rest_route=\/wp\/v2\/types\/page"}],"author":[{"embeddable":true,"href":"http:\/\/noico.online\/index.php?rest_route=\/wp\/v2\/users\/1"}],"replies":[{"embeddable":true,"href":"http:\/\/noico.online\/index.php?rest_route=%2Fwp%2Fv2%2Fcomments&post=10"}],"version-history":[{"count":0,"href":"http:\/\/noico.online\/index.php?rest_route=\/wp\/v2\/pages\/10\/revisions"}],"wp:attachment":[{"href":"http:\/\/noico.online\/index.php?rest_route=%2Fwp%2Fv2%2Fmedia&parent=10"}],"curies":[{"name":"wp","href":"https:\/\/api.w.org\/{rel}","templated":true}]}}